{"id":183,"date":"2018-05-28T15:51:34","date_gmt":"2018-05-28T14:51:34","guid":{"rendered":"http:\/\/domquartier.de\/?page_id=183"},"modified":"2018-05-28T15:55:06","modified_gmt":"2018-05-28T14:55:06","slug":"recht","status":"publish","type":"page","link":"https:\/\/domquartier.de\/?page_id=183","title":{"rendered":"Recht"},"content":{"rendered":"<p>Webseitenbetreiber m\u00fcssen eine Vielzahl von Vorschriften \u200ebeachten. wir sind stets bem\u00fcht, die Grundregeln zu beachten und keine Vorschriften zu verletzen.<\/p>\n<p>Die Adler-Apotheke Worms ist auch Betreiber der deutschen Versandhandelsapotheke apo4you.<\/p>\n<p>Besucher bewegen sich auf beiden Webseiten. Deshalb sind die Ausf\u00fchrungen zum Thema Recht gleichgeschaltet worden.<\/p>\n<p>Die rechtlichen Hinweise auf dieser Webseite erheben keinerlei Anspruch auf Vollst\u00e4ndigkeit. F\u00fcr die Richtigkeit der Angaben k\u00f6nnen wir daher keine Haftung \u00fcbernehmen.<\/p>\n<p>Minderj\u00e4hrigenschutz: Kinder und Personen unter 18 Jahren sollten ohne Zustimmung der Eltern oder Erziehungsberechtigten keine personenbezogenen Daten an uns \u00fcbermitteln. Wir fordern keine personenbezogenen Daten von Kindern an, sammeln diese nicht und geben sie nicht an Dritte weiter.<\/p>\n<p><a href=\"http:\/\/domquartier.de\/?page_id=125\">Datenschutz<\/a><\/p>\n<p><a href=\"http:\/\/domquartier.de\/?page_id=123\">Nutzungshinweise<\/a><\/p>\n<p><a href=\"http:\/\/domquartier.de\/?page_id=127\">Bildnachweis<\/a><\/p>\n","protected":false},"excerpt":{"rendered":"<p>Webseitenbetreiber m\u00fcssen eine Vielzahl von Vorschriften \u200ebeachten. wir sind stets bem\u00fcht, die Grundregeln zu beachten und keine Vorschriften zu verletzen. Die Adler-Apotheke Worms ist auch Betreiber der deutschen Versandhandelsapotheke apo4you. Besucher bewegen sich auf beiden Webseiten. Deshalb sind die Ausf\u00fchrungen zum Thema Recht gleichgeschaltet worden. Die rechtlichen Hinweise auf dieser Webseite erheben keinerlei Anspruch auf [&hellip;]<\/p>\n","protected":false},"author":1,"featured_media":0,"parent":0,"menu_order":0,"comment_status":"closed","ping_status":"closed","template":"","meta":{"footnotes":""},"class_list":["post-183","page","type-page","status-publish","hentry"],"_links":{"self":[{"href":"https:\/\/domquartier.de\/index.php?rest_route=\/wp\/v2\/pages\/183","targetHints":{"allow":["GET"]}}],"collection":[{"href":"https:\/\/domquartier.de\/index.php?rest_route=\/wp\/v2\/pages"}],"about":[{"href":"https:\/\/domquartier.de\/index.php?rest_route=\/wp\/v2\/types\/page"}],"author":[{"embeddable":true,"href":"https:\/\/domquartier.de\/index.php?rest_route=\/wp\/v2\/users\/1"}],"replies":[{"embeddable":true,"href":"https:\/\/domquartier.de\/index.php?rest_route=%2Fwp%2Fv2%2Fcomments&post=183"}],"version-history":[{"count":2,"href":"https:\/\/domquartier.de\/index.php?rest_route=\/wp\/v2\/pages\/183\/revisions"}],"predecessor-version":[{"id":187,"href":"https:\/\/domquartier.de\/index.php?rest_route=\/wp\/v2\/pages\/183\/revisions\/187"}],"wp:attachment":[{"href":"https:\/\/domquartier.de\/index.php?rest_route=%2Fwp%2Fv2%2Fmedia&parent=183"}],"curies":[{"name":"wp","href":"https:\/\/api.w.org\/{rel}","templated":true}]}}